{"id":1401,"date":"2025-04-09T17:31:35","date_gmt":"2025-04-09T15:31:35","guid":{"rendered":"https:\/\/figurumis.com\/?post_type=product&#038;p=1401"},"modified":"2026-01-12T12:13:32","modified_gmt":"2026-01-12T11:13:32","slug":"lotad","status":"publish","type":"product","link":"https:\/\/figurumis.com\/index.php\/product\/lotad\/","title":{"rendered":"Lotad"},"content":{"rendered":"<p>Amigurumi del adorable Pok\u00e9mon Lotad de Pok\u00e9mon Rub\u00ed, Zafiro y Esmeralda.<\/p>\n","protected":false},"excerpt":{"rendered":"<p>Amigurumi del Pok\u00e9mon Lotad.<\/p>\n","protected":false},"featured_media":1403,"comment_status":"open","ping_status":"closed","template":"","meta":{"om_disable_all_campaigns":false,"_monsterinsights_skip_tracking":false,"_monsterinsights_sitenote_active":false,"_monsterinsights_sitenote_note":"","_monsterinsights_sitenote_category":0,"_uf_show_specific_survey":0,"_uf_disable_surveys":false},"product_brand":[],"product_cat":[23],"product_tag":[49],"class_list":{"0":"post-1401","1":"product","2":"type-product","3":"status-publish","4":"has-post-thumbnail","6":"product_cat-amigurumis","7":"product_tag-pokemon","9":"first","10":"instock","11":"taxable","12":"shipping-taxable","13":"purchasable","14":"product-type-simple"},"aioseo_notices":[],"jetpack_sharing_enabled":true,"_links":{"self":[{"href":"https:\/\/figurumis.com\/index.php\/wp-json\/wp\/v2\/product\/1401","targetHints":{"allow":["GET"]}}],"collection":[{"href":"https:\/\/figurumis.com\/index.php\/wp-json\/wp\/v2\/product"}],"about":[{"href":"https:\/\/figurumis.com\/index.php\/wp-json\/wp\/v2\/types\/product"}],"replies":[{"embeddable":true,"href":"https:\/\/figurumis.com\/index.php\/wp-json\/wp\/v2\/comments?post=1401"}],"wp:featuredmedia":[{"embeddable":true,"href":"https:\/\/figurumis.com\/index.php\/wp-json\/wp\/v2\/media\/1403"}],"wp:attachment":[{"href":"https:\/\/figurumis.com\/index.php\/wp-json\/wp\/v2\/media?parent=1401"}],"wp:term":[{"taxonomy":"product_brand","embeddable":true,"href":"https:\/\/figurumis.com\/index.php\/wp-json\/wp\/v2\/product_brand?post=1401"},{"taxonomy":"product_cat","embeddable":true,"href":"https:\/\/figurumis.com\/index.php\/wp-json\/wp\/v2\/product_cat?post=1401"},{"taxonomy":"product_tag","embeddable":true,"href":"https:\/\/figurumis.com\/index.php\/wp-json\/wp\/v2\/product_tag?post=1401"}],"curies":[{"name":"wp","href":"https:\/\/api.w.org\/{rel}","templated":true}]}}