{"id":1266,"date":"2025-02-20T17:00:43","date_gmt":"2025-02-20T16:00:43","guid":{"rendered":"https:\/\/figurumis.com\/?post_type=product&#038;p=1266"},"modified":"2025-09-30T13:55:23","modified_gmt":"2025-09-30T11:55:23","slug":"caja-misteriosa-de-pokemon","status":"publish","type":"product","link":"https:\/\/figurumis.com\/index.php\/product\/caja-misteriosa-de-pokemon\/","title":{"rendered":"Caja Misteriosa de Pok\u00e9mon"},"content":{"rendered":"<p>Las cajas misteriosas de Pok\u00e9mon incluyen \u00fanica y exclusivamente art\u00edculos aleatorios de Pok\u00e9mon con un valor en conjunto superior al precio de la caja, hay 3 tama\u00f1os diferentes para escoger, a mas grande la caja mas art\u00edculos de Pok\u00e9mon o art\u00edculos de Pok\u00e9mon de mayor tama\u00f1o.<\/p>\n","protected":false},"excerpt":{"rendered":"<p>Caja Misteriosa de Pok\u00e9mon, incluye art\u00edculos aleatorios de Pok\u00e9mon por un valor superior al precio de la caja.<\/p>\n","protected":false},"featured_media":1255,"comment_status":"open","ping_status":"closed","template":"","meta":{"om_disable_all_campaigns":false,"_monsterinsights_skip_tracking":false,"_monsterinsights_sitenote_active":false,"_monsterinsights_sitenote_note":"","_monsterinsights_sitenote_category":0,"_uf_show_specific_survey":0,"_uf_disable_surveys":false},"product_brand":[],"product_cat":[102],"product_tag":[49],"class_list":{"0":"post-1266","1":"product","2":"type-product","3":"status-publish","4":"has-post-thumbnail","6":"product_cat-cajas-misteriosas","7":"product_tag-pokemon","9":"first","10":"instock","11":"taxable","12":"shipping-taxable","13":"purchasable","14":"product-type-variable","15":"has-default-attributes"},"aioseo_notices":[],"jetpack_sharing_enabled":true,"_links":{"self":[{"href":"https:\/\/figurumis.com\/index.php\/wp-json\/wp\/v2\/product\/1266","targetHints":{"allow":["GET"]}}],"collection":[{"href":"https:\/\/figurumis.com\/index.php\/wp-json\/wp\/v2\/product"}],"about":[{"href":"https:\/\/figurumis.com\/index.php\/wp-json\/wp\/v2\/types\/product"}],"replies":[{"embeddable":true,"href":"https:\/\/figurumis.com\/index.php\/wp-json\/wp\/v2\/comments?post=1266"}],"wp:featuredmedia":[{"embeddable":true,"href":"https:\/\/figurumis.com\/index.php\/wp-json\/wp\/v2\/media\/1255"}],"wp:attachment":[{"href":"https:\/\/figurumis.com\/index.php\/wp-json\/wp\/v2\/media?parent=1266"}],"wp:term":[{"taxonomy":"product_brand","embeddable":true,"href":"https:\/\/figurumis.com\/index.php\/wp-json\/wp\/v2\/product_brand?post=1266"},{"taxonomy":"product_cat","embeddable":true,"href":"https:\/\/figurumis.com\/index.php\/wp-json\/wp\/v2\/product_cat?post=1266"},{"taxonomy":"product_tag","embeddable":true,"href":"https:\/\/figurumis.com\/index.php\/wp-json\/wp\/v2\/product_tag?post=1266"}],"curies":[{"name":"wp","href":"https:\/\/api.w.org\/{rel}","templated":true}]}}