{"id":1262,"date":"2025-02-20T16:54:40","date_gmt":"2025-02-20T15:54:40","guid":{"rendered":"https:\/\/figurumis.com\/?post_type=product&#038;p=1262"},"modified":"2025-02-20T17:04:58","modified_gmt":"2025-02-20T16:04:58","slug":"caja-misteriosa-variada","status":"publish","type":"product","link":"https:\/\/figurumis.com\/index.php\/product\/caja-misteriosa-variada\/","title":{"rendered":"Caja Misteriosa Variada"},"content":{"rendered":"<p>Las cajas misteriosas variadas incluyen \u00fanica y exclusivamente art\u00edculos aleatorios con un valor en conjunto superior al precio de la caja, hay 3 tama\u00f1os diferentes para escoger, a mas grande la caja mas art\u00edculos o art\u00edculos de mayor tama\u00f1o.<\/p>\n","protected":false},"excerpt":{"rendered":"<p>Caja Misteriosa Variada, incluye art\u00edculos aleatorios por un valor superior al precio de la caja.<\/p>\n","protected":false},"featured_media":1256,"comment_status":"open","ping_status":"closed","template":"","meta":{"om_disable_all_campaigns":false,"_monsterinsights_skip_tracking":false,"_monsterinsights_sitenote_active":false,"_monsterinsights_sitenote_note":"","_monsterinsights_sitenote_category":0,"_uf_show_specific_survey":0,"_uf_disable_surveys":false},"product_brand":[],"product_cat":[102],"product_tag":[],"class_list":{"0":"post-1262","1":"product","2":"type-product","3":"status-publish","4":"has-post-thumbnail","6":"product_cat-cajas-misteriosas","8":"first","9":"instock","10":"taxable","11":"shipping-taxable","12":"purchasable","13":"product-type-variable","14":"has-default-attributes"},"aioseo_notices":[],"jetpack_sharing_enabled":true,"_links":{"self":[{"href":"https:\/\/figurumis.com\/index.php\/wp-json\/wp\/v2\/product\/1262","targetHints":{"allow":["GET"]}}],"collection":[{"href":"https:\/\/figurumis.com\/index.php\/wp-json\/wp\/v2\/product"}],"about":[{"href":"https:\/\/figurumis.com\/index.php\/wp-json\/wp\/v2\/types\/product"}],"replies":[{"embeddable":true,"href":"https:\/\/figurumis.com\/index.php\/wp-json\/wp\/v2\/comments?post=1262"}],"wp:featuredmedia":[{"embeddable":true,"href":"https:\/\/figurumis.com\/index.php\/wp-json\/wp\/v2\/media\/1256"}],"wp:attachment":[{"href":"https:\/\/figurumis.com\/index.php\/wp-json\/wp\/v2\/media?parent=1262"}],"wp:term":[{"taxonomy":"product_brand","embeddable":true,"href":"https:\/\/figurumis.com\/index.php\/wp-json\/wp\/v2\/product_brand?post=1262"},{"taxonomy":"product_cat","embeddable":true,"href":"https:\/\/figurumis.com\/index.php\/wp-json\/wp\/v2\/product_cat?post=1262"},{"taxonomy":"product_tag","embeddable":true,"href":"https:\/\/figurumis.com\/index.php\/wp-json\/wp\/v2\/product_tag?post=1262"}],"curies":[{"name":"wp","href":"https:\/\/api.w.org\/{rel}","templated":true}]}}