{"id":1249,"date":"2025-02-20T16:37:50","date_gmt":"2025-02-20T15:37:50","guid":{"rendered":"https:\/\/figurumis.com\/?post_type=product&#038;p=1249"},"modified":"2025-02-20T17:04:28","modified_gmt":"2025-02-20T16:04:28","slug":"caja-misteriosa-de-llaveros","status":"publish","type":"product","link":"https:\/\/figurumis.com\/index.php\/product\/caja-misteriosa-de-llaveros\/","title":{"rendered":"Caja Misteriosa de Llaveros"},"content":{"rendered":"<p>Las cajas misteriosas de llaveros incluyen \u00fanica y exclusivamente llaveros aleatorios con un valor en conjunto superior al precio de la caja, hay 3 tama\u00f1os diferentes para escoger, a mas grande la caja mas llaveros o llaveros de mayor tama\u00f1o.<\/p>\n","protected":false},"excerpt":{"rendered":"<p>Caja Misteriosa de Llaveros, incluye llaveros aleatorios por un valor superior al precio de la caja.<\/p>\n","protected":false},"featured_media":1254,"comment_status":"open","ping_status":"closed","template":"","meta":{"om_disable_all_campaigns":false,"_monsterinsights_skip_tracking":false,"_monsterinsights_sitenote_active":false,"_monsterinsights_sitenote_note":"","_monsterinsights_sitenote_category":0,"_uf_show_specific_survey":0,"_uf_disable_surveys":false},"product_brand":[],"product_cat":[102,97],"product_tag":[],"class_list":{"0":"post-1249","1":"product","2":"type-product","3":"status-publish","4":"has-post-thumbnail","6":"product_cat-cajas-misteriosas","7":"product_cat-llaveros","9":"first","10":"instock","11":"taxable","12":"shipping-taxable","13":"purchasable","14":"product-type-variable","15":"has-default-attributes"},"aioseo_notices":[],"jetpack_sharing_enabled":true,"_links":{"self":[{"href":"https:\/\/figurumis.com\/index.php\/wp-json\/wp\/v2\/product\/1249","targetHints":{"allow":["GET"]}}],"collection":[{"href":"https:\/\/figurumis.com\/index.php\/wp-json\/wp\/v2\/product"}],"about":[{"href":"https:\/\/figurumis.com\/index.php\/wp-json\/wp\/v2\/types\/product"}],"replies":[{"embeddable":true,"href":"https:\/\/figurumis.com\/index.php\/wp-json\/wp\/v2\/comments?post=1249"}],"wp:featuredmedia":[{"embeddable":true,"href":"https:\/\/figurumis.com\/index.php\/wp-json\/wp\/v2\/media\/1254"}],"wp:attachment":[{"href":"https:\/\/figurumis.com\/index.php\/wp-json\/wp\/v2\/media?parent=1249"}],"wp:term":[{"taxonomy":"product_brand","embeddable":true,"href":"https:\/\/figurumis.com\/index.php\/wp-json\/wp\/v2\/product_brand?post=1249"},{"taxonomy":"product_cat","embeddable":true,"href":"https:\/\/figurumis.com\/index.php\/wp-json\/wp\/v2\/product_cat?post=1249"},{"taxonomy":"product_tag","embeddable":true,"href":"https:\/\/figurumis.com\/index.php\/wp-json\/wp\/v2\/product_tag?post=1249"}],"curies":[{"name":"wp","href":"https:\/\/api.w.org\/{rel}","templated":true}]}}