{"id":1152,"date":"2025-02-19T17:31:18","date_gmt":"2025-02-19T16:31:18","guid":{"rendered":"https:\/\/figurumis.com\/?post_type=product&#038;p=1152"},"modified":"2025-02-20T17:04:13","modified_gmt":"2025-02-20T16:04:13","slug":"caja-misteriosa-de-amigurumis","status":"publish","type":"product","link":"https:\/\/figurumis.com\/index.php\/product\/caja-misteriosa-de-amigurumis\/","title":{"rendered":"Caja Misteriosa de Amigurumis"},"content":{"rendered":"<p>Las cajas misteriosas de amigurumis incluyen \u00fanica y exclusivamente amigurumis aleatorios con un valor en conjunto superior al precio de la caja, hay 3 tama\u00f1os diferentes para escoger, a mas grande la caja mas amigurumis o amigurumis de mayor tama\u00f1o.<\/p>\n","protected":false},"excerpt":{"rendered":"<p>Caja Misteriosa de Amigurumis, incluye amigurumis aleatorios por un valor superior al precio de la caja.<\/p>\n","protected":false},"featured_media":1156,"comment_status":"open","ping_status":"closed","template":"","meta":{"om_disable_all_campaigns":false,"_monsterinsights_skip_tracking":false,"_monsterinsights_sitenote_active":false,"_monsterinsights_sitenote_note":"","_monsterinsights_sitenote_category":0,"_uf_show_specific_survey":0,"_uf_disable_surveys":false},"product_brand":[],"product_cat":[23,102],"product_tag":[],"class_list":{"0":"post-1152","1":"product","2":"type-product","3":"status-publish","4":"has-post-thumbnail","6":"product_cat-amigurumis","7":"product_cat-cajas-misteriosas","9":"first","10":"instock","11":"taxable","12":"shipping-taxable","13":"purchasable","14":"product-type-variable","15":"has-default-attributes"},"aioseo_notices":[],"jetpack_sharing_enabled":true,"_links":{"self":[{"href":"https:\/\/figurumis.com\/index.php\/wp-json\/wp\/v2\/product\/1152","targetHints":{"allow":["GET"]}}],"collection":[{"href":"https:\/\/figurumis.com\/index.php\/wp-json\/wp\/v2\/product"}],"about":[{"href":"https:\/\/figurumis.com\/index.php\/wp-json\/wp\/v2\/types\/product"}],"replies":[{"embeddable":true,"href":"https:\/\/figurumis.com\/index.php\/wp-json\/wp\/v2\/comments?post=1152"}],"wp:featuredmedia":[{"embeddable":true,"href":"https:\/\/figurumis.com\/index.php\/wp-json\/wp\/v2\/media\/1156"}],"wp:attachment":[{"href":"https:\/\/figurumis.com\/index.php\/wp-json\/wp\/v2\/media?parent=1152"}],"wp:term":[{"taxonomy":"product_brand","embeddable":true,"href":"https:\/\/figurumis.com\/index.php\/wp-json\/wp\/v2\/product_brand?post=1152"},{"taxonomy":"product_cat","embeddable":true,"href":"https:\/\/figurumis.com\/index.php\/wp-json\/wp\/v2\/product_cat?post=1152"},{"taxonomy":"product_tag","embeddable":true,"href":"https:\/\/figurumis.com\/index.php\/wp-json\/wp\/v2\/product_tag?post=1152"}],"curies":[{"name":"wp","href":"https:\/\/api.w.org\/{rel}","templated":true}]}}